{"id":1434,"date":"2019-12-11T14:56:18","date_gmt":"2019-12-11T13:56:18","guid":{"rendered":"http:\/\/wordpress.physiotherapiebern.ch\/?page_id=1434"},"modified":"2020-11-19T12:19:39","modified_gmt":"2020-11-19T11:19:39","slug":"kontakt-2","status":"publish","type":"page","link":"https:\/\/www.physiotherapiebern.ch\/index.php\/kontakt-2\/","title":{"rendered":"Kontakt"},"content":{"rendered":"\t\t<div data-elementor-type=\"wp-page\" data-elementor-id=\"1434\" class=\"elementor elementor-1434\">\n\t\t\t\t\t\t<section class=\"elementor-section elementor-top-section elementor-element elementor-element-db6f14d elementor-section-boxed elementor-section-height-default elementor-section-height-default\" data-id=\"db6f14d\" data-element_type=\"section\" data-e-type=\"section\">\n\t\t\t\t\t\t<div class=\"elementor-container elementor-column-gap-default\">\n\t\t\t\t\t<div class=\"elementor-column elementor-col-100 elementor-top-column elementor-element elementor-element-7d34bde\" data-id=\"7d34bde\" data-element_type=\"column\" data-e-type=\"column\">\n\t\t\t<div class=\"elementor-widget-wrap elementor-element-populated\">\n\t\t\t\t\t\t<div class=\"elementor-element elementor-element-e99642e elementor-widget elementor-widget-heading\" data-id=\"e99642e\" data-element_type=\"widget\" data-e-type=\"widget\" data-widget_type=\"heading.default\">\n\t\t\t\t<div class=\"elementor-widget-container\">\n\t\t\t\t\t<h2 class=\"elementor-heading-title elementor-size-default\"><h2>Praxis<\/h2><\/h2>\t\t\t\t<\/div>\n\t\t\t\t<\/div>\n\t\t\t\t\t<\/div>\n\t\t<\/div>\n\t\t\t\t\t<\/div>\n\t\t<\/section>\n\t\t\t\t<section class=\"elementor-section elementor-top-section elementor-element elementor-element-dc267cc elementor-section-boxed elementor-section-height-default elementor-section-height-default\" data-id=\"dc267cc\" data-element_type=\"section\" data-e-type=\"section\">\n\t\t\t\t\t\t<div class=\"elementor-container elementor-column-gap-default\">\n\t\t\t\t\t<div class=\"elementor-column elementor-col-50 elementor-top-column elementor-element elementor-element-fb74103\" data-id=\"fb74103\" data-element_type=\"column\" data-e-type=\"column\">\n\t\t\t<div class=\"elementor-widget-wrap elementor-element-populated\">\n\t\t\t\t\t\t<div class=\"elementor-element elementor-element-cf07b47 elementor-widget elementor-widget-heading\" data-id=\"cf07b47\" data-element_type=\"widget\" data-e-type=\"widget\" data-widget_type=\"heading.default\">\n\t\t\t\t<div class=\"elementor-widget-container\">\n\t\t\t\t\t<h2 class=\"elementor-heading-title elementor-size-default\"><h3>Anfahrt<\/h2>\t\t\t\t<\/div>\n\t\t\t\t<\/div>\n\t\t\t\t<div class=\"elementor-element elementor-element-21a1dc2 elementor-widget elementor-widget-text-editor\" data-id=\"21a1dc2\" data-element_type=\"widget\" data-e-type=\"widget\" data-widget_type=\"text-editor.default\">\n\t\t\t\t<div class=\"elementor-widget-container\">\n\t\t\t\t\t\t\t\t\t<p class=\"pfi\">\n<b style=\"line-height: 2;\">Zu Fuss:<\/b>\nIn weniger als 15 Minuten zu Fuss vom Bahnhof \u00fcber die Lorrainebr\u00fccke liegt unsere Praxis in einem Fitness-Gesundheitshaus.<br><br>\n\n<b style=\"line-height: 2;\">Bus vom Bahnhof:<\/b>\nMit dem Wankdorf Bus Nr. 20 bis Haltestelle Gewerbeschule, dann die Lorrainestrasse rund 150m entlang. Links in die Jurastrasse einbiegen und nach etwa 80m sind Sie da und sehen den blauen Eingang rechts.<br><br>\n\n<b style=\"line-height: 2;\">Auto:<\/b>\nVom Berner-Zentrum nach der Lorrainebr\u00fccke an der ersten Ampel links in die Lorrainestrasse, dann die zweite Strasse links Richtung Parking in die Jurastrasse, dann rechts in den Randweg 9. Gym Fit Club Bern, 1. Stock PhysiotherapieBern.<br><br>\n\n<b style=\"line-height: 2;\">Parking:<\/b>\nDirekt vor dem Gesundheitshaus \/ Gym Fit Club Bern oder benutzen Sie bequem das Parking in der eigenen Einstellhalle w\u00e4hrend Sie unser Kunde sind und die Infrastrukturen benutzen. Weitere M\u00f6glichkeiten sind auch in der umliegenden blauen Zone zu finden. Tarife f\u00fcr die Einstellhalle finden sie im PDF.\t\t\t\t\t\t\t\t<\/div>\n\t\t\t\t<\/div>\n\t\t\t\t<div class=\"elementor-element elementor-element-c1951eb elementor-widget elementor-widget-wp-widget-download_widget\" data-id=\"c1951eb\" data-element_type=\"widget\" data-e-type=\"widget\" data-widget_type=\"wp-widget-download_widget.default\">\n\t\t\t\t<div class=\"elementor-widget-container\">\n\t\t\t\t\t<p><a href='http:\/\/wordpress.physiotherapiebern.ch\/wp-content\/uploads\/2019\/11\/Tarife_Einstellhalle.pdf' download class='file-download-anchor'><img src='https:\/\/www.physiotherapiebern.ch\/wp-content\/plugins\/file-download\/svg\/pdf-file-icon.svg' class='file-download-icon'><span>Tarife Einstellhalle<\/span><\/a><\/p>\t\t\t\t<\/div>\n\t\t\t\t<\/div>\n\t\t\t\t\t<\/div>\n\t\t<\/div>\n\t\t\t\t<div class=\"elementor-column elementor-col-50 elementor-top-column elementor-element elementor-element-441b4c1\" data-id=\"441b4c1\" data-element_type=\"column\" data-e-type=\"column\">\n\t\t\t<div class=\"elementor-widget-wrap elementor-element-populated\">\n\t\t\t\t\t\t<div class=\"elementor-element elementor-element-00ab319 elementor-widget elementor-widget-heading\" data-id=\"00ab319\" data-element_type=\"widget\" data-e-type=\"widget\" data-widget_type=\"heading.default\">\n\t\t\t\t<div class=\"elementor-widget-container\">\n\t\t\t\t\t<h2 class=\"elementor-heading-title elementor-size-default\"><h3>Kontakt<\/h2>\t\t\t\t<\/div>\n\t\t\t\t<\/div>\n\t\t\t\t<div class=\"elementor-element elementor-element-fcdc27b elementor-widget elementor-widget-text-editor\" data-id=\"fcdc27b\" data-element_type=\"widget\" data-e-type=\"widget\" data-widget_type=\"text-editor.default\">\n\t\t\t\t<div class=\"elementor-widget-container\">\n\t\t\t\t\t\t\t\t\t<p class=\"pfi\"><b><a style=\"color: red; font-style: italic;\">Sport <\/a>PhysiotherapieBern<\/b>\nRandweg 9<br>\n3013 Bern<br>\nT: <a href=\"tel:+413133316 32\">031 333 16 32<\/a><br>\nF: 031 333 16 38<br>\n<a href=\"mailto:info@physiotherapiebern.ch\">info@physiotherapiebern.ch<\/a><\/p>\t\t\t\t\t\t\t\t<\/div>\n\t\t\t\t<\/div>\n\t\t\t\t\t<\/div>\n\t\t<\/div>\n\t\t\t\t\t<\/div>\n\t\t<\/section>\n\t\t\t\t<section class=\"elementor-section elementor-top-section elementor-element elementor-element-762dab1 elementor-section-boxed elementor-section-height-default elementor-section-height-default\" data-id=\"762dab1\" data-element_type=\"section\" data-e-type=\"section\">\n\t\t\t\t\t\t<div class=\"elementor-container elementor-column-gap-default\">\n\t\t\t\t\t<div class=\"elementor-column elementor-col-100 elementor-top-column elementor-element elementor-element-f635b10\" data-id=\"f635b10\" data-element_type=\"column\" data-e-type=\"column\">\n\t\t\t<div class=\"elementor-widget-wrap elementor-element-populated\">\n\t\t\t\t\t\t<div class=\"elementor-element elementor-element-4db1cb9 elementor-widget elementor-widget-html\" data-id=\"4db1cb9\" data-element_type=\"widget\" data-e-type=\"widget\" data-widget_type=\"html.default\">\n\t\t\t\t<div class=\"elementor-widget-container\">\n\t\t\t\t\t<div style=\"width: 100%\"><iframe width=\"100%\" height=\"600\" src=\"https:\/\/maps.google.com\/maps?width=100%&amp;height=600&amp;hl=en&amp;coord=46.96509740517, 7.477617618860679&amp;q=Sport+PhysiotherapieBern&amp;ie=UTF8&amp;t=&amp;z=15&amp;iwloc=B&amp;output=embed\" frameborder=\"0\" scrolling=\"no\" marginheight=\"0\" marginwidth=\"0\"><a href=\"https:\/\/www.maps.ie\/map-my-route\/\">Plot a route map<\/a><\/iframe><\/div><br \/>\t\t\t\t<\/div>\n\t\t\t\t<\/div>\n\t\t\t\t\t<\/div>\n\t\t<\/div>\n\t\t\t\t\t<\/div>\n\t\t<\/section>\n\t\t\t\t<\/div>\n\t\t","protected":false},"excerpt":{"rendered":"<p>Praxis Anfahrt Zu Fuss: In weniger als 15 Minuten zu Fuss vom Bahnhof \u00fcber die Lorrainebr\u00fccke liegt unsere Praxis in einem Fitness-Gesundheitshaus. Bus vom Bahnhof: Mit dem Wankdorf Bus Nr. 20 bis Haltestelle Gewerbeschule, dann die Lorrainestrasse rund 150m entlang. Links in die Jurastrasse einbiegen und nach etwa 80m sind Sie da und sehen den &#8230; <a title=\"Kontakt\" class=\"read-more\" href=\"https:\/\/www.physiotherapiebern.ch\/index.php\/kontakt-2\/\" aria-label=\"More on Kontakt\">Read more<\/a><\/p>\n","protected":false},"author":1,"featured_media":0,"parent":0,"menu_order":0,"comment_status":"closed","ping_status":"closed","template":"","meta":{"footnotes":""},"class_list":["post-1434","page","type-page","status-publish"],"_links":{"self":[{"href":"https:\/\/www.physiotherapiebern.ch\/index.php\/wp-json\/wp\/v2\/pages\/1434","targetHints":{"allow":["GET"]}}],"collection":[{"href":"https:\/\/www.physiotherapiebern.ch\/index.php\/wp-json\/wp\/v2\/pages"}],"about":[{"href":"https:\/\/www.physiotherapiebern.ch\/index.php\/wp-json\/wp\/v2\/types\/page"}],"author":[{"embeddable":true,"href":"https:\/\/www.physiotherapiebern.ch\/index.php\/wp-json\/wp\/v2\/users\/1"}],"replies":[{"embeddable":true,"href":"https:\/\/www.physiotherapiebern.ch\/index.php\/wp-json\/wp\/v2\/comments?post=1434"}],"version-history":[{"count":34,"href":"https:\/\/www.physiotherapiebern.ch\/index.php\/wp-json\/wp\/v2\/pages\/1434\/revisions"}],"predecessor-version":[{"id":2827,"href":"https:\/\/www.physiotherapiebern.ch\/index.php\/wp-json\/wp\/v2\/pages\/1434\/revisions\/2827"}],"wp:attachment":[{"href":"https:\/\/www.physiotherapiebern.ch\/index.php\/wp-json\/wp\/v2\/media?parent=1434"}],"curies":[{"name":"wp","href":"https:\/\/api.w.org\/{rel}","templated":true}]}}