{"id":218,"date":"2019-09-05T09:43:14","date_gmt":"2019-09-05T07:43:14","guid":{"rendered":"http:\/\/wordpre.physiotherapiebern.ch\/?page_id=218"},"modified":"2019-12-10T09:41:44","modified_gmt":"2019-12-10T08:41:44","slug":"impressum","status":"publish","type":"page","link":"https:\/\/www.physiotherapiebern.ch\/index.php\/impressum\/","title":{"rendered":"Impressum"},"content":{"rendered":"\t\t<div data-elementor-type=\"wp-page\" data-elementor-id=\"218\" class=\"elementor elementor-218\">\n\t\t\t\t\t\t<section class=\"elementor-section elementor-top-section elementor-element elementor-element-0a6c6ac elementor-section-boxed elementor-section-height-default elementor-section-height-default\" data-id=\"0a6c6ac\" data-element_type=\"section\" data-e-type=\"section\">\n\t\t\t\t\t\t<div class=\"elementor-container elementor-column-gap-default\">\n\t\t\t\t\t<div class=\"elementor-column elementor-col-100 elementor-top-column elementor-element elementor-element-aede755\" data-id=\"aede755\" data-element_type=\"column\" data-e-type=\"column\">\n\t\t\t<div class=\"elementor-widget-wrap elementor-element-populated\">\n\t\t\t\t\t\t<div class=\"elementor-element elementor-element-fb04a10 elementor-widget elementor-widget-heading\" data-id=\"fb04a10\" data-element_type=\"widget\" data-e-type=\"widget\" data-widget_type=\"heading.default\">\n\t\t\t\t<div class=\"elementor-widget-container\">\n\t\t\t\t\t<h1 class=\"elementor-heading-title elementor-size-default\"><h2>Allgemeine Nutzungsbedingungen\u200b<\/h1>\t\t\t\t<\/div>\n\t\t\t\t<\/div>\n\t\t\t\t<div class=\"elementor-element elementor-element-2c8ef35 elementor-widget elementor-widget-text-editor\" data-id=\"2c8ef35\" data-element_type=\"widget\" data-e-type=\"widget\" data-widget_type=\"text-editor.default\">\n\t\t\t\t<div class=\"elementor-widget-container\">\n\t\t\t\t\t\t\t\t\t<h5 style=\"font-size: 18pt; line-height: 2;\">1. Geltungsbereich<\/h5><p>Die Website www.physiotherapiebern.ch (Website) wird von der PhysiotherapieBern GmbH mit Sitz in Bern betrieben. Die Website richtet sich an alle Personen, die darauf zugreifen. Die Website und die Allgemeinen Nutzungsbedingungen richten sich nach den gesetzlichen Bestimmungen der Schweiz. Personen (Nutzer), welche auf die Website zugreifen, erkl\u00e4ren sich mit den nachfolgenden Bedingungen einverstanden und akzeptieren insbesondere den Haftungsausschluss (Ziffer 8).<\/p>\t\t\t\t\t\t\t\t<\/div>\n\t\t\t\t<\/div>\n\t\t\t\t<div class=\"elementor-element elementor-element-f23b6c0 elementor-widget elementor-widget-text-editor\" data-id=\"f23b6c0\" data-element_type=\"widget\" data-e-type=\"widget\" data-widget_type=\"text-editor.default\">\n\t\t\t\t<div class=\"elementor-widget-container\">\n\t\t\t\t\t\t\t\t\t<h5 style=\"font-size: 18pt; line-height: 2;\">2. \u00c4nderung der Nutzungsbedingungen<\/h5>\n<p>\u00c4nderungen dieser allgemeinen Nutzungsbestimmungen k\u00f6nnen jederzeit ohne Ank\u00fcndigung erfolgen und werden unmittelbar mit der Ver\u00f6ffentlichung auf dieser Website wirksam.<p>\t\t\t\t\t\t\t\t<\/div>\n\t\t\t\t<\/div>\n\t\t\t\t<div class=\"elementor-element elementor-element-86057cf elementor-widget elementor-widget-text-editor\" data-id=\"86057cf\" data-element_type=\"widget\" data-e-type=\"widget\" data-widget_type=\"text-editor.default\">\n\t\t\t\t<div class=\"elementor-widget-container\">\n\t\t\t\t\t\t\t\t\t<h5 style=\"font-size: 18pt; line-height: 2;\">3. Zugang und Verf\u00fcgbarkeit<\/h5>\n<p>Der NUTZER hat keinen Anspruch auf Zugang zu dieser Website und auf die fehlerfreie technische Verf\u00fcgbarkeit der Website. Die PhysiotherapieBern kann den Zugang zur Website jederzeit und ohne Ank\u00fcndigung sperren oder beschr\u00e4nken.<p>\t\t\t\t\t\t\t\t<\/div>\n\t\t\t\t<\/div>\n\t\t\t\t<div class=\"elementor-element elementor-element-7191fe3 elementor-widget elementor-widget-text-editor\" data-id=\"7191fe3\" data-element_type=\"widget\" data-e-type=\"widget\" data-widget_type=\"text-editor.default\">\n\t\t\t\t<div class=\"elementor-widget-container\">\n\t\t\t\t\t\t\t\t\t<h5 style=\"font-size: 18pt; line-height: 2;\">4. Inhalte<\/h5><p>Die Inhalte auf dieser Website dienen ausschliesslich der allgemeinen Information \u00fcber die PhysiotherapieBern und die Dienstleistungen der PhysiotherapieBern sowie der allgemeinen Information \u00fcber medizinische Fragen. Die auf dieser Website enthaltenen Informationen \u00fcber Dienstleistungen der PhysiotherapieBern stellen keinen verbindlichen Antrag oder eine Offerte an den Nutzer dar.<\/p><h5>\u00c4nderungen<\/h5><p>S\u00e4mtliche Inhalte dieser Website kann von der PhysiotherapieBern jederzeit ohne Ank\u00fcndigung ge\u00e4ndert, erg\u00e4nzt oder entfernt werden.<\/p><h5><span style=\"font-family: Helvetica; font-style: inherit; font-weight: bold;\">Medizinische Informationen<\/span><\/h5><p>Der Nutzer wird ausdr\u00fccklich darauf hingewiesen, dass medizinische Informationen auf dieser Website in keiner Weise die pers\u00f6nliche Beratung und\/oder Pr\u00fcfung durch einen Physiotherapeuten oder qualifiziertes medizinisches Fachpersonal ersetzen k\u00f6nnen.<\/p><h5><span style=\"font-size: 12pt;\">Inhalte von Dritten<\/span><\/h5><p>Die Website bietet an daf\u00fcr bezeichneten Stellen Dritten die M\u00f6glichkeit, eigene Beitr\u00e4ge zu ver\u00f6ffentlichen. F\u00fcr die Inhalte dieser Beitr\u00e4ge sind ausschliesslich die Absender verantwortlich.<\/p><h5>Links<\/h5><div><p>Diese Website enth\u00e4lt Verkn\u00fcpfungen (Links) zur Website von anderen Anbietern. Diese Links dienen lediglich der Benutzungsfreundlichkeit der Website und stellen keine Genehmigung des Inhalts einer anderen Website dar. Die PhysiotherapieBern kann f\u00fcr eine Website eines anderen Anbieters grunds\u00e4tzlich keine Verantwortung \u00fcbernehmen. Die Aktivierung eines Links erfolgt daher auf eigenes Risiko des NUTZERS.<\/p><\/div>\t\t\t\t\t\t\t\t<\/div>\n\t\t\t\t<\/div>\n\t\t\t\t<div class=\"elementor-element elementor-element-90fa35b elementor-widget elementor-widget-text-editor\" data-id=\"90fa35b\" data-element_type=\"widget\" data-e-type=\"widget\" data-widget_type=\"text-editor.default\">\n\t\t\t\t<div class=\"elementor-widget-container\">\n\t\t\t\t\t\t\t\t\t<h5 style=\"font-size: 18pt; line-height: 2;\">5. Datenschutz<\/h5><h5>Nutzungsdaten:\u00a0<\/h5><p><span style=\"font-size: 12pt;\">Beim Zugang des Nutzers registriert PhysiotherapieBern unpers\u00f6nliche Nutzungsdaten (Logfiles). Diese anonymen Daten werden zu statistischen Zwecken ausgewertet.<\/span><\/p><h5>Cookies<\/h5><p>Um den Zugriff auf die Inhalte f\u00fcr den Nutzer zu vereinfachen, verwendet diese Website sogenannte Cookies (z. B. zur automatischen Sprachwahl). Der Nutzer erteilt der PhysiotherapieBern seine Einwilligung zur Verwendung von Cookies. Der Nutzer wird darauf hingewiesen, dass er die Annahme von Cookies durch eine entsprechende Einstellung an seinem Computer verweigern kann. Die Nutzung interaktiver Angebote ist allerdings nur mit Cookies m\u00f6glich.<\/p><h5>Google Analytics<\/h5><p>Diese Website benutzt Google Analytics, einen Webanalysedienst der Google Inc. (\u00abGoogle\u00bb). Google Analytics verwendet sog. \u00abCookies\u00bb, Textdateien, die auf Ihrem Computer gespeichert werden und die eine Analyse der Benutzung der Website durch Sie erm\u00f6glichen. Die durch den Cookie erzeugten Informationen \u00fcber Ihre Benutzung dieser Website (einschliesslich Ihrer IP-Adresse) wird an einen Server von Google in den USA \u00fcbertragen und dort gespeichert. Google wird diese Informationen benutzen, um Ihre Nutzung der Website auszuwerten, um Reports \u00fcber die Websiteaktivit\u00e4ten f\u00fcr die Websitebetreiber zusammenzustellen und um weitere mit der Websitenutzung und der Internetnutzung verbundene Dienstleistungen zu erbringen. Auch wird Google diese Informationen gegebenenfalls an Dritte \u00fcbertragen, sofern dies gesetzlich vorgeschrieben oder soweit Dritte diese Daten im Auftrag von Google verarbeiten. Google wird in keinem Fall Ihre IP-Adresse mit anderen Daten von Google in Verbindung bringen. Sie k\u00f6nnen die Installation der Cookies durch eine entsprechende Einstellung Ihrer Browser Software verhindern; wir weisen Sie jedoch darauf hin, dass Sie in diesem Fall gegebenenfalls nicht s\u00e4mtliche Funktionen dieser Website vollumf\u00e4nglich nutzen k\u00f6nnen. Durch die Nutzung dieser Website erkl\u00e4ren Sie sich mit der Bearbeitung der \u00fcber Sie erhobenen Daten durch Google in der zuvor beschriebenen Art und Weise und zu dem zuvor benannten Zweck einverstanden.<\/p><h5>Pers\u00f6nliche Daten<\/h5><div><p>PhysiotherapieBern speichert und bearbeitet die pers\u00f6nlichen Daten des Nutzers zu dem Zweck, zu dem der Nutzer diese Daten \u00fcberlassen hat. Weiter kann die PhysiotherapieBern diese Daten &#8211; insbesondere zu Marketingzwecken &#8211; mit anderen Daten der PhysiotherapieBern verkn\u00fcpfen. Die PhysiotherapieBern wird die pers\u00f6nlichen Daten aber keinesfalls an Dritte weitergegeben.<\/p><\/div>\t\t\t\t\t\t\t\t<\/div>\n\t\t\t\t<\/div>\n\t\t\t\t<div class=\"elementor-element elementor-element-736bf5d elementor-widget elementor-widget-text-editor\" data-id=\"736bf5d\" data-element_type=\"widget\" data-e-type=\"widget\" data-widget_type=\"text-editor.default\">\n\t\t\t\t<div class=\"elementor-widget-container\">\n\t\t\t\t\t\t\t\t\t<h5 style=\"font-size: 18pt; line-height: 2;\">6. Datensicherheit und Vertraulichkeit<\/h5><p>Bei der unverschl\u00fcsselten \u00dcbermittlung in einem offenen Netz k\u00f6nnen Daten von unbefugten Dritten gelesen, ver\u00e4ndert oder vernichtet werden. Jede \u00dcbermittlung von Daten von oder zur Website erfolgt daher auf eigenes Risiko des Nutzers.<\/p>\t\t\t\t\t\t\t\t<\/div>\n\t\t\t\t<\/div>\n\t\t\t\t<div class=\"elementor-element elementor-element-e8d7488 elementor-widget elementor-widget-text-editor\" data-id=\"e8d7488\" data-element_type=\"widget\" data-e-type=\"widget\" data-widget_type=\"text-editor.default\">\n\t\t\t\t<div class=\"elementor-widget-container\">\n\t\t\t\t\t\t\t\t\t<h5 style=\"font-size: 18pt; line-height: 2;\">7. Urheberrechte<\/h5><p>S\u00e4mtliche INHALTE sind durch Marken-, Patent-, Urheberrechte und sonstige Rechte zum Schutz des geistigen Eigentums gesch\u00fctzt und sind Eigentum der PhysiotherapieBern. Vorbehalten sind die Rechte Dritter.<\/p><p>Der Nutzer darf die Inhalte zur ausschliesslich privaten Nutzung anzeigen, speichern, ausdrucken und kopieren. Dabei d\u00fcrfen die Inhalte durch den Nutzer nicht ver\u00e4ndert werden und alle Hinweise auf Urheber- und Markenrechte m\u00fcssen erhalten bleiben. Jede weitergehende Verwendung der Inhalte oder von Teilen davon erfordert die vorherige schriftliche Zustimmung der PhysiotherapieBern.<\/p><p>Insbesondere sind ohne vorherige schriftliche Zustimmung der PhysiotherapieBern untersagt:<\/p><ul><li><p>jede Form der Weiterverbreitung, Weiterleitung, Bearbeitung und Reproduktion der INHALTE oder von Teilen davon f\u00fcr kommerzielle Zwecke<\/p><\/li><li><p>jede Form der Ver\u00f6ffentlichung der INHALTE oder von Teilen davon sowie jede Form der Ver\u00f6ffentlichung von abgeleiteten Arbeiten, die im Wesentlichen auf INHALTEN oder Teilen davon basieren, auch f\u00fcr nicht kommerzielle Zwecke<\/p><\/li><li><p>die Verkn\u00fcpfung von anderen Webseiten mit den INHALTEN oder von Teilen davon durch Links.<\/p><\/li><\/ul>\t\t\t\t\t\t\t\t<\/div>\n\t\t\t\t<\/div>\n\t\t\t\t<div class=\"elementor-element elementor-element-d9c1f35 elementor-widget elementor-widget-text-editor\" data-id=\"d9c1f35\" data-element_type=\"widget\" data-e-type=\"widget\" data-widget_type=\"text-editor.default\">\n\t\t\t\t<div class=\"elementor-widget-container\">\n\t\t\t\t\t\t\t\t\t<h5 style=\"font-size: 18pt; line-height: 2;\">8. Haftungsausschluss<\/h5><p>Die PhysiotherapieBern pr\u00fcft die Inhalte auf deren Richtigkeit und Aktualit\u00e4t. Die PhysiotherapieBern kann jedoch keine Gew\u00e4hr f\u00fcr die Richtigkeit, Aktualit\u00e4t oder Vollst\u00e4ndigkeit der Inhalte \u00fcbernehmen. Jede Haftung f\u00fcr Sch\u00e4den des NUTZERS oder Dritter aus der Nutzung der Inhalte wird von der PhysiotherapieBern abgelehnt.\u00a0<span style=\"font-size: 12pt;\">Die PhysiotherapieBern kann ausserdem nicht gew\u00e4hrleisten, dass die Website frei von Viren oder anderen sch\u00e4dlichen Bestandteilen ist und haftet nicht f\u00fcr daraus entstehende Sch\u00e4den des Nutzers oder Dritter.<\/span><\/p>\t\t\t\t\t\t\t\t<\/div>\n\t\t\t\t<\/div>\n\t\t\t\t<div class=\"elementor-element elementor-element-4892ca7 elementor-widget elementor-widget-text-editor\" data-id=\"4892ca7\" data-element_type=\"widget\" data-e-type=\"widget\" data-widget_type=\"text-editor.default\">\n\t\t\t\t<div class=\"elementor-widget-container\">\n\t\t\t\t\t\t\t\t\t<h5 style=\"font-size: 18pt; line-height: 2;\">9. Rechtsanwendung und Gerichtsstand<\/h5><p>Anwendbar ist ausschliesslich Schweizerisches Recht. Sollten eine oder mehrere dieser Nutzungsbedingungen aufgrund gesetzlicher Bestimmungen, Vorschriften oder Gesetzes\u00e4nderungen ganz oder teilweise unwirksam sein oder werden, bleiben alle \u00fcbrigen Nutzungsbedingungen in Kraft und es kommt diejenige wirksame Regelung zur Anwendung, die dem angestrebten Zweck der unwirksamen Regelung am n\u00e4chsten kommt. Ausschliesslicher Gerichtsstand ist Bern.<\/p>\t\t\t\t\t\t\t\t<\/div>\n\t\t\t\t<\/div>\n\t\t\t\t\t<\/div>\n\t\t<\/div>\n\t\t\t\t\t<\/div>\n\t\t<\/section>\n\t\t\t\t<\/div>\n\t\t","protected":false},"excerpt":{"rendered":"<p>Allgemeine Nutzungsbedingungen\u200b 1. Geltungsbereich Die Website www.physiotherapiebern.ch (Website) wird von der PhysiotherapieBern GmbH mit Sitz in Bern betrieben. Die Website richtet sich an alle Personen, die darauf zugreifen. Die Website und die Allgemeinen Nutzungsbedingungen richten sich nach den gesetzlichen Bestimmungen der Schweiz. Personen (Nutzer), welche auf die Website zugreifen, erkl\u00e4ren sich mit den nachfolgenden Bedingungen &#8230; <a title=\"Impressum\" class=\"read-more\" href=\"https:\/\/www.physiotherapiebern.ch\/index.php\/impressum\/\" aria-label=\"More on Impressum\">Read more<\/a><\/p>\n","protected":false},"author":1,"featured_media":0,"parent":0,"menu_order":0,"comment_status":"closed","ping_status":"closed","template":"elementor_header_footer","meta":{"footnotes":""},"class_list":["post-218","page","type-page","status-publish"],"_links":{"self":[{"href":"https:\/\/www.physiotherapiebern.ch\/index.php\/wp-json\/wp\/v2\/pages\/218","targetHints":{"allow":["GET"]}}],"collection":[{"href":"https:\/\/www.physiotherapiebern.ch\/index.php\/wp-json\/wp\/v2\/pages"}],"about":[{"href":"https:\/\/www.physiotherapiebern.ch\/index.php\/wp-json\/wp\/v2\/types\/page"}],"author":[{"embeddable":true,"href":"https:\/\/www.physiotherapiebern.ch\/index.php\/wp-json\/wp\/v2\/users\/1"}],"replies":[{"embeddable":true,"href":"https:\/\/www.physiotherapiebern.ch\/index.php\/wp-json\/wp\/v2\/comments?post=218"}],"version-history":[{"count":21,"href":"https:\/\/www.physiotherapiebern.ch\/index.php\/wp-json\/wp\/v2\/pages\/218\/revisions"}],"predecessor-version":[{"id":1388,"href":"https:\/\/www.physiotherapiebern.ch\/index.php\/wp-json\/wp\/v2\/pages\/218\/revisions\/1388"}],"wp:attachment":[{"href":"https:\/\/www.physiotherapiebern.ch\/index.php\/wp-json\/wp\/v2\/media?parent=218"}],"curies":[{"name":"wp","href":"https:\/\/api.w.org\/{rel}","templated":true}]}}