{"id":24,"date":"2019-08-28T08:02:40","date_gmt":"2019-08-28T06:02:40","guid":{"rendered":"http:\/\/wordpre.physiotherapiebern.ch\/?page_id=24"},"modified":"2026-03-31T13:52:33","modified_gmt":"2026-03-31T11:52:33","slug":"home","status":"publish","type":"page","link":"https:\/\/www.physiotherapiebern.ch\/","title":{"rendered":"Home"},"content":{"rendered":"\t\t<div data-elementor-type=\"wp-page\" data-elementor-id=\"24\" class=\"elementor elementor-24\">\n\t\t\t\t\t\t<section class=\"elementor-section elementor-top-section elementor-element elementor-element-f181ff4 elementor-section-stretched elementor-section-full_width elementor-section-height-default elementor-section-height-default\" data-id=\"f181ff4\" data-element_type=\"section\" data-e-type=\"section\" data-settings=\"{&quot;stretch_section&quot;:&quot;section-stretched&quot;}\">\n\t\t\t\t\t\t<div class=\"elementor-container elementor-column-gap-default\">\n\t\t\t\t\t<div class=\"elementor-column elementor-col-100 elementor-top-column elementor-element elementor-element-84a5af4\" data-id=\"84a5af4\" data-element_type=\"column\" data-e-type=\"column\">\n\t\t\t<div class=\"elementor-widget-wrap elementor-element-populated\">\n\t\t\t\t\t\t<div class=\"elementor-element elementor-element-77415e0 hbild elementor-widget elementor-widget-image\" data-id=\"77415e0\" data-element_type=\"widget\" data-e-type=\"widget\" id=\"hbild\" data-widget_type=\"image.default\">\n\t\t\t\t<div class=\"elementor-widget-container\">\n\t\t\t\t\t\t\t\t\t\t\t\t\t\t\t<img fetchpriority=\"high\" decoding=\"async\" width=\"2498\" height=\"880\" src=\"https:\/\/www.physiotherapiebern.ch\/wp-content\/uploads\/2019\/09\/header_bild.png\" class=\"attachment-full size-full wp-image-934\" alt=\"\" srcset=\"https:\/\/www.physiotherapiebern.ch\/wp-content\/uploads\/2019\/09\/header_bild.png 2498w, https:\/\/www.physiotherapiebern.ch\/wp-content\/uploads\/2019\/09\/header_bild-300x106.png 300w, https:\/\/www.physiotherapiebern.ch\/wp-content\/uploads\/2019\/09\/header_bild-768x271.png 768w, https:\/\/www.physiotherapiebern.ch\/wp-content\/uploads\/2019\/09\/header_bild-1024x361.png 1024w\" sizes=\"(max-width: 2498px) 100vw, 2498px\" \/>\t\t\t\t\t\t\t\t\t\t\t\t\t\t\t<\/div>\n\t\t\t\t<\/div>\n\t\t\t\t\t<\/div>\n\t\t<\/div>\n\t\t\t\t\t<\/div>\n\t\t<\/section>\n\t\t\t\t<section class=\"elementor-section elementor-top-section elementor-element elementor-element-94ac095 elementor-section-boxed elementor-section-height-default elementor-section-height-default\" data-id=\"94ac095\" data-element_type=\"section\" data-e-type=\"section\">\n\t\t\t\t\t\t<div class=\"elementor-container elementor-column-gap-default\">\n\t\t\t\t\t<div class=\"elementor-column elementor-col-33 elementor-top-column elementor-element elementor-element-41d4084\" data-id=\"41d4084\" data-element_type=\"column\" data-e-type=\"column\">\n\t\t\t<div class=\"elementor-widget-wrap\">\n\t\t\t\t\t\t\t<\/div>\n\t\t<\/div>\n\t\t\t\t<div class=\"elementor-column elementor-col-33 elementor-top-column elementor-element elementor-element-dd613b0\" data-id=\"dd613b0\" data-element_type=\"column\" data-e-type=\"column\">\n\t\t\t<div class=\"elementor-widget-wrap elementor-element-populated\">\n\t\t\t\t\t\t<div class=\"elementor-element elementor-element-543cb3d animated-slow elementor-alert-info elementor-invisible elementor-widget elementor-widget-alert\" data-id=\"543cb3d\" data-element_type=\"widget\" data-e-type=\"widget\" data-settings=\"{&quot;_animation&quot;:&quot;fadeIn&quot;,&quot;_animation_delay&quot;:1500}\" data-widget_type=\"alert.default\">\n\t\t\t\t<div class=\"elementor-widget-container\">\n\t\t\t\t\t\t\t<div class=\"elementor-alert\" role=\"alert\">\n\n\t\t\t\t\t\t<span class=\"elementor-alert-title\">Frohe Ostern! Wenn der R\u00fccken nach dem Festtagsbrunch zwickt, wissen Sie ja, wo Sie uns finden\u2026<\/span>\n\t\t\t\n\t\t\t\n\t\t\t\n\t\t<\/div>\n\t\t\t\t\t\t<\/div>\n\t\t\t\t<\/div>\n\t\t\t\t<div class=\"elementor-element elementor-element-e7ad6eb elementor-widget elementor-widget-heading\" data-id=\"e7ad6eb\" data-element_type=\"widget\" data-e-type=\"widget\" data-widget_type=\"heading.default\">\n\t\t\t\t<div class=\"elementor-widget-container\">\n\t\t\t\t\t<h2 class=\"elementor-heading-title elementor-size-default\"><h2>Herzlich Willkommen <\/h2>\t\t\t\t<\/div>\n\t\t\t\t<\/div>\n\t\t\t\t<div class=\"elementor-element elementor-element-e9defcb elementor-widget elementor-widget-text-editor\" data-id=\"e9defcb\" data-element_type=\"widget\" data-e-type=\"widget\" data-widget_type=\"text-editor.default\">\n\t\t\t\t<div class=\"elementor-widget-container\">\n\t\t\t\t\t\t\t\t\t<p class=\"pfi\">\u00abWir Physios arbeiten mit \u00c4rzten Hand in Hand und heilen mit viel Sachverstand. Ist was gereizt, verspannt, gebrochen, behandeln wir Muskeln, Sehnen, Knochen. Bei Verletzungen, Fehlhaltungen und Stress helfen wir mit Reha, Training und Pr\u00e4vention (Wellness). Denn mit med. Massage, Mobilisierung, Manueller Therapie. Gehts dem Patienten hinterher so gut wie nie.\u00bb<br><br>\nWir von der <a style=\"color: red; font-style: italic;\"><b>Sport <\/b><\/a><b>PhysiotherapieBern<\/b> nehmen uns gerne Zeit f\u00fcr Sie und behandeln Sie mit gezielten Behandlungstechniken so gut und effizient wie m\u00f6glich. In der pers\u00f6nlichen Betreuung liegt unsere St\u00e4rke. 52 Wochen im Jahr, ausser an Samstagen, Sonntagen und Feiertagen, sind wir f\u00fcr Sie da und behandeln Sie zielsicher so lang wie n\u00f6tig.<\/p>\t\t\t\t\t\t\t\t<\/div>\n\t\t\t\t<\/div>\n\t\t\t\t<div class=\"elementor-element elementor-element-dbc06e1 elementor-widget elementor-widget-spacer\" data-id=\"dbc06e1\" data-element_type=\"widget\" data-e-type=\"widget\" data-widget_type=\"spacer.default\">\n\t\t\t\t<div class=\"elementor-widget-container\">\n\t\t\t\t\t\t\t<div class=\"elementor-spacer\">\n\t\t\t<div class=\"elementor-spacer-inner\"><\/div>\n\t\t<\/div>\n\t\t\t\t\t\t<\/div>\n\t\t\t\t<\/div>\n\t\t\t\t\t<\/div>\n\t\t<\/div>\n\t\t\t\t<div class=\"elementor-column elementor-col-33 elementor-top-column elementor-element elementor-element-e4504af\" data-id=\"e4504af\" data-element_type=\"column\" data-e-type=\"column\">\n\t\t\t<div class=\"elementor-widget-wrap\">\n\t\t\t\t\t\t\t<\/div>\n\t\t<\/div>\n\t\t\t\t\t<\/div>\n\t\t<\/section>\n\t\t\t\t<section class=\"elementor-section elementor-top-section elementor-element elementor-element-a521505 elementor-section-boxed elementor-section-height-default elementor-section-height-default\" data-id=\"a521505\" data-element_type=\"section\" data-e-type=\"section\">\n\t\t\t\t\t\t<div class=\"elementor-container elementor-column-gap-default\">\n\t\t\t\t\t<div class=\"elementor-column elementor-col-100 elementor-top-column elementor-element elementor-element-08d4ece\" data-id=\"08d4ece\" data-element_type=\"column\" data-e-type=\"column\">\n\t\t\t<div class=\"elementor-widget-wrap elementor-element-populated\">\n\t\t\t\t\t\t\t<\/div>\n\t\t<\/div>\n\t\t\t\t\t<\/div>\n\t\t<\/section>\n\t\t\t\t<\/div>\n\t\t","protected":false},"excerpt":{"rendered":"<p>Frohe Ostern! Wenn der R\u00fccken nach dem Festtagsbrunch zwickt, wissen Sie ja, wo Sie uns finden\u2026 Herzlich Willkommen \u00abWir Physios arbeiten mit \u00c4rzten Hand in Hand und heilen mit viel Sachverstand. Ist was gereizt, verspannt, gebrochen, behandeln wir Muskeln, Sehnen, Knochen. Bei Verletzungen, Fehlhaltungen und Stress helfen wir mit Reha, Training und Pr\u00e4vention (Wellness). Denn &#8230; <a title=\"Home\" class=\"read-more\" href=\"https:\/\/www.physiotherapiebern.ch\/\" aria-label=\"More on Home\">Read more<\/a><\/p>\n","protected":false},"author":1,"featured_media":0,"parent":0,"menu_order":0,"comment_status":"closed","ping_status":"closed","template":"elementor_header_footer","meta":{"footnotes":""},"class_list":["post-24","page","type-page","status-publish"],"_links":{"self":[{"href":"https:\/\/www.physiotherapiebern.ch\/index.php\/wp-json\/wp\/v2\/pages\/24","targetHints":{"allow":["GET"]}}],"collection":[{"href":"https:\/\/www.physiotherapiebern.ch\/index.php\/wp-json\/wp\/v2\/pages"}],"about":[{"href":"https:\/\/www.physiotherapiebern.ch\/index.php\/wp-json\/wp\/v2\/types\/page"}],"author":[{"embeddable":true,"href":"https:\/\/www.physiotherapiebern.ch\/index.php\/wp-json\/wp\/v2\/users\/1"}],"replies":[{"embeddable":true,"href":"https:\/\/www.physiotherapiebern.ch\/index.php\/wp-json\/wp\/v2\/comments?post=24"}],"version-history":[{"count":196,"href":"https:\/\/www.physiotherapiebern.ch\/index.php\/wp-json\/wp\/v2\/pages\/24\/revisions"}],"predecessor-version":[{"id":2957,"href":"https:\/\/www.physiotherapiebern.ch\/index.php\/wp-json\/wp\/v2\/pages\/24\/revisions\/2957"}],"wp:attachment":[{"href":"https:\/\/www.physiotherapiebern.ch\/index.php\/wp-json\/wp\/v2\/media?parent=24"}],"curies":[{"name":"wp","href":"https:\/\/api.w.org\/{rel}","templated":true}]}}