{"id":40,"date":"2019-08-28T10:11:31","date_gmt":"2019-08-28T08:11:31","guid":{"rendered":"http:\/\/wordpre.physiotherapiebern.ch\/?page_id=40"},"modified":"2020-11-25T10:40:41","modified_gmt":"2020-11-25T09:40:41","slug":"last-minute","status":"publish","type":"page","link":"https:\/\/www.physiotherapiebern.ch\/index.php\/last-minute\/","title":{"rendered":"Last Minute"},"content":{"rendered":"\t\t<div data-elementor-type=\"wp-post\" data-elementor-id=\"40\" class=\"elementor elementor-40\">\n\t\t\t\t\t\t<section class=\"elementor-section elementor-top-section elementor-element elementor-element-0c2e32b elementor-section-boxed elementor-section-height-default elementor-section-height-default\" data-id=\"0c2e32b\" data-element_type=\"section\" data-e-type=\"section\">\n\t\t\t\t\t\t<div class=\"elementor-container elementor-column-gap-default\">\n\t\t\t\t\t<div class=\"elementor-column elementor-col-33 elementor-top-column elementor-element elementor-element-f045151\" data-id=\"f045151\" data-element_type=\"column\" data-e-type=\"column\">\n\t\t\t<div class=\"elementor-widget-wrap elementor-element-populated\">\n\t\t\t\t\t\t<div class=\"elementor-element elementor-element-220d6f6 elementor-widget elementor-widget-image\" data-id=\"220d6f6\" data-element_type=\"widget\" data-e-type=\"widget\" data-widget_type=\"image.default\">\n\t\t\t\t<div class=\"elementor-widget-container\">\n\t\t\t\t\t\t\t\t\t\t\t\t\t\t\t<img fetchpriority=\"high\" decoding=\"async\" width=\"640\" height=\"360\" src=\"https:\/\/www.physiotherapiebern.ch\/wp-content\/uploads\/2019\/08\/New_Bild_03_2013-1.jpg\" class=\"attachment-large size-large wp-image-86\" alt=\"\" srcset=\"https:\/\/www.physiotherapiebern.ch\/wp-content\/uploads\/2019\/08\/New_Bild_03_2013-1.jpg 640w, https:\/\/www.physiotherapiebern.ch\/wp-content\/uploads\/2019\/08\/New_Bild_03_2013-1-300x169.jpg 300w\" sizes=\"(max-width: 640px) 100vw, 640px\" \/>\t\t\t\t\t\t\t\t\t\t\t\t\t\t\t<\/div>\n\t\t\t\t<\/div>\n\t\t\t\t\t<\/div>\n\t\t<\/div>\n\t\t\t\t<div class=\"elementor-column elementor-col-33 elementor-top-column elementor-element elementor-element-3d21e34\" data-id=\"3d21e34\" data-element_type=\"column\" data-e-type=\"column\">\n\t\t\t<div class=\"elementor-widget-wrap\">\n\t\t\t\t\t\t\t<\/div>\n\t\t<\/div>\n\t\t\t\t<div class=\"elementor-column elementor-col-33 elementor-top-column elementor-element elementor-element-a2ed063\" data-id=\"a2ed063\" data-element_type=\"column\" data-e-type=\"column\">\n\t\t\t<div class=\"elementor-widget-wrap elementor-element-populated\">\n\t\t\t\t\t\t<div class=\"elementor-element elementor-element-0b28529 elementor-widget elementor-widget-menu-anchor\" data-id=\"0b28529\" data-element_type=\"widget\" data-e-type=\"widget\" data-widget_type=\"menu-anchor.default\">\n\t\t\t\t<div class=\"elementor-widget-container\">\n\t\t\t\t\t\t\t<div class=\"elementor-menu-anchor\" id=\"lmanchor\"><\/div>\n\t\t\t\t\t\t<\/div>\n\t\t\t\t<\/div>\n\t\t\t\t<div class=\"elementor-element elementor-element-9385565 elementor-widget elementor-widget-heading\" data-id=\"9385565\" data-element_type=\"widget\" data-e-type=\"widget\" data-widget_type=\"heading.default\">\n\t\t\t\t<div class=\"elementor-widget-container\">\n\t\t\t\t\t<h2 class=\"elementor-heading-title elementor-size-default\"><h2 style=\"font-size: 40px\">Last Minute<\/h2>\t\t\t\t<\/div>\n\t\t\t\t<\/div>\n\t\t\t\t<div class=\"elementor-element elementor-element-04516b6 elementor-widget elementor-widget-heading\" data-id=\"04516b6\" data-element_type=\"widget\" data-e-type=\"widget\" data-widget_type=\"heading.default\">\n\t\t\t\t<div class=\"elementor-widget-container\">\n\t\t\t\t\t<h3 class=\"elementor-heading-title elementor-size-default\"><h3>Massage \/ Sportmassage<\/h3>\t\t\t\t<\/div>\n\t\t\t\t<\/div>\n\t\t\t\t<div class=\"elementor-element elementor-element-adeca47 elementor-widget elementor-widget-text-editor\" data-id=\"adeca47\" data-element_type=\"widget\" data-e-type=\"widget\" data-widget_type=\"text-editor.default\">\n\t\t\t\t<div class=\"elementor-widget-container\">\n\t\t\t\t\t\t\t\t\t<p class=\"pfi\"><b style=\"line-height: 2;\">Wie funktioniert das?<\/b><br>\nWir bieten Ihnen die M\u00f6glichkeit an, g\u00fcnstig zu einer Massage zu kommen, indem Sie von unseren L\u00fccken profitieren. Es gibt immer wieder kurzfristige Absagen bei unseren Einplanungen, welche Sie im Sinne von Last Minute buchen k\u00f6nnen. Profitieren Sie von einer g\u00fcnstigen, professionell durchgef\u00fchrten Massage. Rufen Sie einfach an und fragen Sie nach L\u00fccken am selben oder am n\u00e4chsten Tag. Gern informieren wir Sie \u00fcber die Verf\u00fcgbarkeit und buchen einen Termin \u2013 so einfach geht das.\n\n<br><br>\n<b style=\"line-height: 2;\">Preise<\/b><br>\nBuchung am gleichen Tag oder f\u00fcr den n\u00e4chsten Tag f\u00fcr CHF 25.\u2013.\n<br><br>\n<b style=\"line-height: 2;\">Kontakt und Anmeldung<\/b><br>\nVersuch dein Gl\u00fcck, ruf an unter T:\u00a0<strong class=\"pfi\"><a href=\"tel:+41 31 333 16 32\">031 333 16 32<\/a><\/strong> und frag nach einer Last Minute Massage.\n<br><br>\n<b style=\"line-height: 2;\">Was ist eine Sportmassage <\/b><br>\nDurch die Sportmassage kann die Effektivit\u00e4t des Trainings erh\u00f6ht werden, sie dient dem Profi- und dem Breitensportler zur Vorbereitung f\u00fcr Training oder Wettkampf und zur Lockerung von Verspannungen. Im Anschluss an diese sportlichen Aktivit\u00e4ten dient die Sportmassage zur Wiederherstellung der Leistungsf\u00e4higkeit. Gleichzeitig wird durch die Sportmassage das allgemeine Wohlbefinden des Sportlers gef\u00f6rdert und kann auch ein wichtiger Teil der psychologischen Wettkampfvorbereitung sein. Die Massage vermittelt dem Sportler direkten Bewusstsein, dass mir geholfen wird und das ich etwas Zus\u00e4tzliches f\u00fcr meine Leistungsf\u00e4higkeit getan habe, dies d\u00fcrfte auch zur St\u00e4rkung des Selbstvertrauens f\u00fchren. Dar\u00fcber hinaus f\u00f6rdert eine Sportmassage das Wohlbefinden des Sportlers und erh\u00f6ht dessen Leistungsf\u00e4higkeit.\n\n&nbsp;\n\nEine besondere Aufgabe der Sportmassage besteht darin, den Muskeltonus herabzusetzen, um die Bremswirkung zu verringern und so das Leistungsverm\u00f6gen, die \u00abSpritzigkeit\u00bb des Sportlers, zu erh\u00f6hen. Die Massage kann die aktive Aufw\u00e4rmarbeit (das Warmlaufen \/ die Vorbereitung) eines Sportlers zur Erzielung einer optimalen Mehrdurchblutung (Hyper\u00e4mie) gut unterst\u00fctzen, nie aber ganz ersetzen. Sie muss zu dieser Unterst\u00fctzung entsprechend fr\u00fchzeitig vorgeschaltet werden.\t\t\t\t\t\t\t\t<\/div>\n\t\t\t\t<\/div>\n\t\t\t\t\t<\/div>\n\t\t<\/div>\n\t\t\t\t\t<\/div>\n\t\t<\/section>\n\t\t\t\t<\/div>\n\t\t","protected":false},"excerpt":{"rendered":"<p>Last Minute Massage \/ Sportmassage Wie funktioniert das? Wir bieten Ihnen die M\u00f6glichkeit an, g\u00fcnstig zu einer Massage zu kommen, indem Sie von unseren L\u00fccken profitieren. Es gibt immer wieder kurzfristige Absagen bei unseren Einplanungen, welche Sie im Sinne von Last Minute buchen k\u00f6nnen. Profitieren Sie von einer g\u00fcnstigen, professionell durchgef\u00fchrten Massage. Rufen Sie einfach &#8230; <a title=\"Last Minute\" class=\"read-more\" href=\"https:\/\/www.physiotherapiebern.ch\/index.php\/last-minute\/\" aria-label=\"More on Last Minute\">Read more<\/a><\/p>\n","protected":false},"author":1,"featured_media":0,"parent":0,"menu_order":1,"comment_status":"closed","ping_status":"closed","template":"elementor_header_footer","meta":{"footnotes":""},"class_list":["post-40","page","type-page","status-publish"],"_links":{"self":[{"href":"https:\/\/www.physiotherapiebern.ch\/index.php\/wp-json\/wp\/v2\/pages\/40","targetHints":{"allow":["GET"]}}],"collection":[{"href":"https:\/\/www.physiotherapiebern.ch\/index.php\/wp-json\/wp\/v2\/pages"}],"about":[{"href":"https:\/\/www.physiotherapiebern.ch\/index.php\/wp-json\/wp\/v2\/types\/page"}],"author":[{"embeddable":true,"href":"https:\/\/www.physiotherapiebern.ch\/index.php\/wp-json\/wp\/v2\/users\/1"}],"replies":[{"embeddable":true,"href":"https:\/\/www.physiotherapiebern.ch\/index.php\/wp-json\/wp\/v2\/comments?post=40"}],"version-history":[{"count":43,"href":"https:\/\/www.physiotherapiebern.ch\/index.php\/wp-json\/wp\/v2\/pages\/40\/revisions"}],"predecessor-version":[{"id":2832,"href":"https:\/\/www.physiotherapiebern.ch\/index.php\/wp-json\/wp\/v2\/pages\/40\/revisions\/2832"}],"wp:attachment":[{"href":"https:\/\/www.physiotherapiebern.ch\/index.php\/wp-json\/wp\/v2\/media?parent=40"}],"curies":[{"name":"wp","href":"https:\/\/api.w.org\/{rel}","templated":true}]}}